{"id":19520,"date":"2024-09-03T01:02:40","date_gmt":"2024-09-02T22:02:40","guid":{"rendered":"https:\/\/primeboya.com\/?post_type=product&#038;p=19520"},"modified":"2026-01-13T11:46:37","modified_gmt":"2026-01-13T08:46:37","slug":"primetex","status":"publish","type":"product","link":"https:\/\/primeboya.com\/en\/product\/primetex\/","title":{"rendered":"Primetex"},"content":{"rendered":"<div data-elementor-type=\"wp-post\" data-elementor-id=\"19520\" class=\"elementor elementor-19520\">\n\t\t\t\t\t\t\t<div class=\"elementor-element elementor-element-47d4005 e-flex e-con-boxed e-con e-parent\" data-id=\"47d4005\" data-element_type=\"container\" data-settings=\"{&quot;content_width&quot;:&quot;boxed&quot;}\" data-core-v316-plus=\"true\">\n\t\t\t\t\t<div class=\"e-con-inner\">\n\t\t<div class=\"elementor-element elementor-element-407a8ce e-con-full e-flex e-con e-child\" data-id=\"407a8ce\" data-element_type=\"container\" data-settings=\"{&quot;content_width&quot;:&quot;full&quot;}\">\n\t\t\t\t<div class=\"elementor-element elementor-element-45900e8 elementor-widget elementor-widget-haru-heading\" data-id=\"45900e8\" data-element_type=\"widget\" data-widget_type=\"haru-heading.default\">\n\t\t\t\t<div class=\"elementor-widget-container\">\n\t\t\t<h2 class=\"haru-heading-title haru-heading-title--heading-1\">General Information<\/h2>\t\t<\/div>\n\t\t\t\t<\/div>\n\t\t\t\t<div class=\"elementor-element elementor-element-be29ab7 elementor-widget elementor-widget-haru-heading\" data-id=\"be29ab7\" data-element_type=\"widget\" data-widget_type=\"haru-heading.default\">\n\t\t\t\t<div class=\"elementor-widget-container\">\n\t\t\t<h2 class=\"haru-heading-title haru-heading-title--description-1\">Solvent-based classic wood stain<\/h2>\t\t<\/div>\n\t\t\t\t<\/div>\n\t\t\t\t<\/div>\n\t\t\t\t\t<\/div>\n\t\t\t\t<\/div>\n\t\t<div class=\"elementor-element elementor-element-2c3ebad0 section-bg-gradient-brown e-flex e-con-boxed e-con e-parent\" data-id=\"2c3ebad0\" data-element_type=\"container\" data-settings=\"{&quot;content_width&quot;:&quot;boxed&quot;}\" data-core-v316-plus=\"true\">\n\t\t\t\t\t<div class=\"e-con-inner\">\n\t\t<div class=\"elementor-element elementor-element-70ada7ef e-flex e-con-boxed e-con e-child\" data-id=\"70ada7ef\" data-element_type=\"container\" data-settings=\"{&quot;content_width&quot;:&quot;boxed&quot;}\">\n\t\t\t\t\t<div class=\"e-con-inner\">\n\t\t<div class=\"elementor-element elementor-element-4e34a8dd e-con-full section-shadow section-bg-rounded e-flex e-con e-child\" data-id=\"4e34a8dd\" data-element_type=\"container\" data-settings=\"{&quot;content_width&quot;:&quot;full&quot;}\">\n\t\t<div class=\"elementor-element elementor-element-727e5c84 e-con-full e-flex e-con e-child\" data-id=\"727e5c84\" data-element_type=\"container\" data-settings=\"{&quot;content_width&quot;:&quot;full&quot;}\">\n\t\t\t\t<div class=\"elementor-element elementor-element-66e2684f elementor-aspect-ratio-169 elementor-widget elementor-widget-haru-video\" data-id=\"66e2684f\" data-element_type=\"widget\" data-settings=\"{&quot;youtube_url&quot;:&quot;#&quot;,&quot;show_image_overlay&quot;:&quot;yes&quot;,&quot;image_overlay&quot;:{&quot;url&quot;:&quot;https:\\\/\\\/primeboya.com\\\/wp-content\\\/uploads\\\/2024\\\/09\\\/primetex-photo.jpg&quot;,&quot;id&quot;:19563,&quot;size&quot;:&quot;&quot;,&quot;alt&quot;:&quot;&quot;,&quot;source&quot;:&quot;library&quot;},&quot;lightbox&quot;:&quot;yes&quot;,&quot;video_type&quot;:&quot;youtube&quot;,&quot;aspect_ratio&quot;:&quot;169&quot;}\" data-widget_type=\"haru-video.default\">\n\t\t\t\t<div class=\"elementor-widget-container\">\n\t\t\t\t\t\t\n\t\t\t\t\t\t\t<div class=\"elementor-wrapper haru-video haru-video--default elementor-open-lightbox\">\n\n\t\t\t\t\t\t\t\t\t\t\n\t\t\t\t\t<!--  -->\n\t\t\t\t\t\n\t\t\t\t\t<!-- Default -->\n\t\t\t\t\t\t\t\t\t\t\t\t\t\t\t\t<div class=\"elementor-custom-embed-image-overlay\" data-elementor-open-lightbox=\"yes\" data-elementor-lightbox=\"{&quot;type&quot;:&quot;video&quot;,&quot;videoType&quot;:&quot;youtube&quot;,&quot;url&quot;:null,&quot;modalOptions&quot;:{&quot;id&quot;:&quot;elementor-lightbox-66e2684f&quot;,&quot;entranceAnimation&quot;:&quot;&quot;,&quot;entranceAnimation_tablet&quot;:&quot;&quot;,&quot;entranceAnimation_mobile&quot;:&quot;&quot;,&quot;videoAspectRatio&quot;:&quot;169&quot;}}\">\n\t\t\t\t\t\t\t\t\t\t\t\t\t\t\t<img fetchpriority=\"high\" decoding=\"async\" width=\"1500\" height=\"1034\" src=\"https:\/\/primeboya.com\/wp-content\/uploads\/2024\/09\/primetex-photo.jpg\" class=\"attachment-full size-full wp-image-19563\" alt=\"\" srcset=\"https:\/\/primeboya.com\/wp-content\/uploads\/2024\/09\/primetex-photo.jpg 1500w, https:\/\/primeboya.com\/wp-content\/uploads\/2024\/09\/primetex-photo-300x207.jpg 300w, https:\/\/primeboya.com\/wp-content\/uploads\/2024\/09\/primetex-photo-1024x706.jpg 1024w, https:\/\/primeboya.com\/wp-content\/uploads\/2024\/09\/primetex-photo-768x529.jpg 768w, https:\/\/primeboya.com\/wp-content\/uploads\/2024\/09\/primetex-photo-18x12.jpg 18w, https:\/\/primeboya.com\/wp-content\/uploads\/2024\/09\/primetex-photo-600x414.jpg 600w\" sizes=\"(max-width: 1500px) 100vw, 1500px\" \/>\t\t\t\t\t\t\t\t\t\t\t\t\t\t\t\t\t\t\t\t<\/div>\n\t\t\t\t\t\t\t\t\t\t\t\t\t\t<\/div>\n\t\t\t\n\t\t\t\t\t<\/div>\n\t\t\t\t<\/div>\n\t\t\t\t<\/div>\n\t\t<div class=\"elementor-element elementor-element-6c9f1ffc e-con-full testimonial-home-9 e-flex e-con e-child\" data-id=\"6c9f1ffc\" data-element_type=\"container\" data-settings=\"{&quot;content_width&quot;:&quot;full&quot;}\">\n\t\t\t\t<div class=\"elementor-element elementor-element-399a69ef elementor-widget elementor-widget-haru-accordion\" data-id=\"399a69ef\" data-element_type=\"widget\" data-widget_type=\"haru-accordion.default\">\n\t\t\t\t<div class=\"elementor-widget-container\">\n\t\t\t\n                          <!--   <div class=\"haru-accordion haru-accordion--style-4\" role=\"tablist\">\n                                    <\/div> -->\n                <div class=\"haru-accordion haru-accordion--style-4\" role=\"tablist\">\n                                            <div class=\"haru-accordion-item\">\n                            <div id=\"haru-tab-title-9661\" class=\"haru-tab-title\" data-tab=\"1\" role=\"tab\" aria-controls=\"haru-tab-content-9661\">\n                                                                    <span class=\"haru-accordion-icon haru-accordion-icon-right\" aria-hidden=\"true\">\n                                                                            <span class=\"haru-accordion-icon-closed\"><i class=\"phosphor phosphor-plus\"><\/i><\/span>\n                                        <span class=\"haru-accordion-icon-opened\"><i class=\"phosphor phosphor-minus\"><\/i><\/span>\n                                                                        <\/span>\n                                                                <a class=\"haru-accordion-title\" href=\"\">Product Features<\/a>\n                            <\/div>\n                            <div id=\"haru-tab-content-9661\" class=\"haru-tab-content haru-clearfix\" data-tab=\"1\" aria-labelledby=\"haru-tab-title-9661\"><div class=\"zn_text_box eluid2fcc973b zn_text_box-light element-scheme--light\"><div class=\"fl col-12\"><div class=\"fl col-12 ozellik-baslik\"><strong>General Features<\/strong><\/div><ul class=\"fl col-4 col-sm-12 ozellik-items\"><li><p class=\"p2\">\u0130peksi parlak g\u00f6r\u00fcn\u00fcm<\/p><\/li><li><p class=\"p2\">Nem al\u0131m\u0131n\u0131 azalt\u0131r<\/p><\/li><li><p class=\"p2\">\u00c7atlak olu\u015fumunu en aza indirir<\/p><\/li><li><p class=\"p2\">Resistant to UV and exterior weather conditions<\/p><\/li><li><p class=\"p2\">G\u00fcne\u015f \u0131\u015f\u0131nlar\u0131 ve d\u0131\u015f mekan ko\u015fullar\u0131na diren\u00e7li<\/p><\/li><li><p class=\"p2\">\u015eeffaf ve 9 yar\u0131 \u015feffaf renk se\u00e7ene\u011fi<\/p><\/li><li><p class=\"p2\">Ready to use<\/p><\/li><\/ul><\/div><div class=\"fl col-12\"><div class=\"fl col-12 ozellik-baslik\"><strong>Where to Use<\/strong><\/div><ul class=\"fl col-4 col-sm-12 ozellik-items\"><li><p class=\"p2\">Zemin d\u0131\u015f\u0131ndaki t\u00fcm i\u00e7 mekan ve d\u0131\u015f cephe ah\u015faplar\u0131<\/p><\/li><li><p class=\"p2\">Doors and window joinery<\/p><\/li><li><p class=\"p2\">Shutters<\/p><\/li><li><p class=\"p2\">Cladding<\/p><\/li><li><p class=\"p2\">Fences<\/p><\/li><li><p class=\"p2\">Pergolas<\/p><\/li><li><p class=\"p2\">Balcony railings<\/p><\/li><li><p class=\"p2\">Roof fringes<\/p><\/li><\/ul><\/div><div class=\"fl col-12\"><div class=\"fl col-12 ozellik-baslik\"><strong>Packaging Dimensions<\/strong><\/div><ul class=\"fl col-4 col-sm-12 ozellik-items\"><li><p class=\"p2\">0,750 L., 2,5 L., 15 L. (Sipari\u015f baz\u0131nda \u00fcretilir)<\/p><\/li><\/ul><\/div><\/div><\/div>\n                        <\/div>\n                                            <div class=\"haru-accordion-item\">\n                            <div id=\"haru-tab-title-9662\" class=\"haru-tab-title\" data-tab=\"2\" role=\"tab\" aria-controls=\"haru-tab-content-9662\">\n                                                                    <span class=\"haru-accordion-icon haru-accordion-icon-right\" aria-hidden=\"true\">\n                                                                            <span class=\"haru-accordion-icon-closed\"><i class=\"phosphor phosphor-plus\"><\/i><\/span>\n                                        <span class=\"haru-accordion-icon-opened\"><i class=\"phosphor phosphor-minus\"><\/i><\/span>\n                                                                        <\/span>\n                                                                <a class=\"haru-accordion-title\" href=\"\">Document<\/a>\n                            <\/div>\n                            <div id=\"haru-tab-content-9662\" class=\"haru-tab-content haru-clearfix\" data-tab=\"2\" aria-labelledby=\"haru-tab-title-9662\"><p><strong>TDS:<\/strong> <a href=\"https:\/\/primeboya.com\/wp-content\/uploads\/2024\/09\/Primetex-TDS-EN-1.pdf\" target=\"_blank\" rel=\"noopener\">Product Technical User Manual<\/a><\/p><p><strong>SDS:<\/strong> <a href=\"http:\/\/primeboya.com\/wp-content\/uploads\/2024\/02\/Prime-Hybrid-Yag-GBF.pdf\" target=\"_blank\" rel=\"noopener\">Product Safety Data Sheet<\/a><\/p><\/div>\n                        <\/div>\n                                            <div class=\"haru-accordion-item\">\n                            <div id=\"haru-tab-title-9663\" class=\"haru-tab-title\" data-tab=\"3\" role=\"tab\" aria-controls=\"haru-tab-content-9663\">\n                                                                    <span class=\"haru-accordion-icon haru-accordion-icon-right\" aria-hidden=\"true\">\n                                                                            <span class=\"haru-accordion-icon-closed\"><i class=\"phosphor phosphor-plus\"><\/i><\/span>\n                                        <span class=\"haru-accordion-icon-opened\"><i class=\"phosphor phosphor-minus\"><\/i><\/span>\n                                                                        <\/span>\n                                                                <a class=\"haru-accordion-title\" href=\"\">Application<\/a>\n                            <\/div>\n                            <div id=\"haru-tab-content-9663\" class=\"haru-tab-content haru-clearfix\" data-tab=\"3\" aria-labelledby=\"haru-tab-title-9663\"><div class=\"zn_text_box eluidf4c769d8 zn_text_box-light element-scheme--light\"><p class=\"p1\"><b>Surface Preparation: <\/b><\/p><p class=\"p2\">Remove any dirt, oil, and wood dust from the surface.<\/p><p class=\"p1\"><b>New Wood Surfaces:<\/b><\/p><ul><li class=\"p3\">Sand the wooden surface with sandpaper no. 80\/120.<\/li><li class=\"p3\">Olu\u015fan tozu iyice temizleyin<\/li><\/ul><p class=\"p1\"><b>Old Unpainted\/Unvarnished Wooden Surfaces:<\/b><\/p><ul><li class=\"p3\">Sand the worn\/discolored wood with 80\/120 grit sandpaper.<\/li><li class=\"p3\">Thoroughly remove any dust generated.<\/li><\/ul><p class=\"p1\"><b>Painted\/Varnished Wooden Surfaces:<\/b><\/p><ul><li class=\"p3\">Do not apply the product directly to painted\/varnished surfaces.<\/li><li class=\"p3\">Completely remove the old paint\/varnish from the surface with sandpaper.<\/li><li class=\"p1\">Thoroughly remove any dust generated.<\/li><\/ul><p class=\"p1\"><b>Application: <\/b><\/p><ul><li class=\"p1\">\u00dcr\u00fcn kullan\u0131ma haz\u0131rd\u0131r ve inceltme gerektirmemektedir. (\u00c7ok s\u0131cak havalarda tiner ile en fazla %5\u2019e kadar inceltilebilir).<\/li><li class=\"p1\">Stir the product thoroughly before use and check its homogeneity. Repeat this process during the application.<\/li><li class=\"p1\">\u00dcr\u00fcn\u00fc f\u0131r\u00e7a ile 2 kat uygulay\u0131n ve katlar aras\u0131nda 6-8 saat bekleyin.<\/li><li class=\"p1\">\u00dcr\u00fcn\u00fc bez ile renklendirme ama\u00e7l\u0131 tercihinize g\u00f6re 1 veya 2 kat uygulay\u0131n. Uzun s\u00fcreli koruma ve dekoratif bir g\u00f6r\u00fcn\u00fcm i\u00e7in \u00fcr\u00fcn \u00fczerine Prime End\u00fcstriyel Cila uygulanmas\u0131 tavsiye edilir.<\/li><li class=\"p1\">Between coats, sand with 180\/220 grit sandpaper.<\/li><li class=\"p1\">Wait 12 hours for complete drying.<\/li><li class=\"p1\">To obtain a homogeneous appearance, apply in the direction of the grains in the wood.<\/li><\/ul><p class=\"p1\"><b>Instructions: <\/b><\/p><ul><li class=\"p5\">Do not apply the product directly to painted\/varnished surfaces.<\/li><li class=\"p5\">Clean the wooden surface from all dirt and oil and sand it thoroughly.<\/li><li class=\"p5\">Thoroughly remove any dust generated.<\/li><li class=\"p5\">Y\u00fczeydeki y\u0131pranmaya ba\u011fl\u0131 olarak \u201cUygulama\u201d ba\u015fl\u0131\u011f\u0131nda ge\u00e7en ad\u0131mlar\u0131 1 veya 2 kat olaraktekrarlay\u0131n.<\/li><li class=\"p1\">Inspect annually and maintain as required.<\/li><\/ul><p class=\"p1\"><b>General Instruction: <\/b><\/p><ul><li class=\"p1\">\u0130\u00c7 VE DI\u015e MEKANDA KULLANILAB\u0130L\u0130R.\uf0b7ZEM\u0130N \u0130\u00c7\u0130N UYGUN DE\u011e\u0130LD\u0130R.<\/li><li class=\"p1\">Keep product closed when not in use.<\/li><li class=\"p1\">The general application temperature of the product is between 15oC to 25oC at a relativehumidity range of 40-65%.<\/li><li class=\"p1\">The moisture content of the wood to be applied must be below 20%.<\/li><li class=\"p1\">Do not use the product in direct sunlight or in rainy weather.<\/li><li class=\"p1\">D\u0131\u015f cephede kullan\u0131lacak ah\u015faplar\u0131n \u00fczerine Primetex Solvent Bazl\u0131 Ah\u015fap Koruyucu\u2019dan \u00f6nce veya sonra bezir ya\u011f\u0131, dolgu verni\u011fi, yat verni\u011fi gibi hi\u00e7bir malzeme uygulamay\u0131n.<\/li><li class=\"p1\">\u015eeffaf renk se\u00e7ene\u011fi pigment i\u00e7ermedi\u011finden g\u00fcne\u015f \u0131\u015f\u0131nlar\u0131na (UV) kar\u015f\u0131 direnci bulunmamaktad\u0131r. D\u0131\u015f cephede Prime Dekoratif Ah\u015fap Renklendirici ile birlikte kullan\u0131lmas\u0131 tavsiye edilir.<\/li><li class=\"p1\">\u00c7am ve benzeri yumu\u015fak dokulu veya emprenyesiz ah\u015faplar\u0131, \u00e7\u00fcr\u00fcmeye kar\u015f\u0131 korunarak uzunhizmet \u00f6mr\u00fc kazanmas\u0131 i\u00e7in, Primetex Solvent Bazl\u0131 Ah\u015fap Koruyucu uygulamadan \u00f6ncePrime Emprenye ile emprenye edin. Prime Emprenye&#8217;nin kurumas\u0131 i\u00e7in 24 saat bekleyin.<\/li><li class=\"p1\">The product should be protected from freezing and stored at temperatures between 5\u00b0C to35\u00b0C.<\/li><li class=\"p1\">Uygulama s\u0131ras\u0131nda kullan\u0131lan ara\u00e7 ve gere\u00e7leri sentetik tiner ile temizleyin.<\/li><\/ul><\/div><\/div>\n                        <\/div>\n                                            <div class=\"haru-accordion-item\">\n                            <div id=\"haru-tab-title-9664\" class=\"haru-tab-title\" data-tab=\"4\" role=\"tab\" aria-controls=\"haru-tab-content-9664\">\n                                                                    <span class=\"haru-accordion-icon haru-accordion-icon-right\" aria-hidden=\"true\">\n                                                                            <span class=\"haru-accordion-icon-closed\"><i class=\"phosphor phosphor-plus\"><\/i><\/span>\n                                        <span class=\"haru-accordion-icon-opened\"><i class=\"phosphor phosphor-minus\"><\/i><\/span>\n                                                                        <\/span>\n                                                                <a class=\"haru-accordion-title\" href=\"\">Information<\/a>\n                            <\/div>\n                            <div id=\"haru-tab-content-9664\" class=\"haru-tab-content haru-clearfix\" data-tab=\"4\" aria-labelledby=\"haru-tab-title-9664\"><div id=\"eluid055071be\" class=\"eluid5357c398 col-md-4 col-sm-4 znColumnElement\"><div class=\"znColumnElement-innerWrapper-eluid5357c398 znColumnElement-innerWrapper znColumnElement-innerWrapper--valign-top znColumnElement-innerWrapper--halign-center\"><div class=\"znColumnElement-innerContent\"><div class=\"zn_text_box eluid67202f07 zn_text_box-light element-scheme--light\"><p>The lifespan of wood increases with regular maintenance. To ensure ideal protection, check your wood every year and maintain it if necessary.<\/p><\/div><\/div><\/div><\/div><div id=\"eluid055071be\" class=\"eluide912a7eb col-md-4 col-sm-4 znColumnElement\"><div class=\"znColumnElement-innerWrapper-eluide912a7eb znColumnElement-innerWrapper znColumnElement-innerWrapper--valign-top znColumnElement-innerWrapper--halign-center\"><div class=\"znColumnElement-innerContent\"><div class=\"zn_text_box eluid8f61c9d3 zn_text_box-light element-scheme--light\">\u00a0<\/div><\/div><\/div><\/div><\/div>\n                        <\/div>\n                                            <div class=\"haru-accordion-item\">\n                            <div id=\"haru-tab-title-9665\" class=\"haru-tab-title\" data-tab=\"5\" role=\"tab\" aria-controls=\"haru-tab-content-9665\">\n                                                                    <span class=\"haru-accordion-icon haru-accordion-icon-right\" aria-hidden=\"true\">\n                                                                            <span class=\"haru-accordion-icon-closed\"><i class=\"phosphor phosphor-plus\"><\/i><\/span>\n                                        <span class=\"haru-accordion-icon-opened\"><i class=\"phosphor phosphor-minus\"><\/i><\/span>\n                                                                        <\/span>\n                                                                <a class=\"haru-accordion-title\" href=\"\">Warning<\/a>\n                            <\/div>\n                            <div id=\"haru-tab-content-9665\" class=\"haru-tab-content haru-clearfix\" data-tab=\"5\" aria-labelledby=\"haru-tab-title-9665\"><p>The colors shown above were applied on pine and care was taken to ensure that they were realistic. The color and brightness you will achieve will vary depending on the properties of the wood, its texture, absorbency and screen settings. Additionally, how thick and how many layers of paint is applied will also affect the result. In order to see the real color, it is recommended to try it on the wood to be used.<\/p><\/div>\n                        <\/div>\n                    \n                                    <\/div>\n            \n            \t\t<\/div>\n\t\t\t\t<\/div>\n\t\t\t\t<\/div>\n\t\t\t\t<\/div>\n\t\t\t\t\t<\/div>\n\t\t\t\t<\/div>\n\t\t\t\t<div class=\"elementor-element elementor-element-1c8a974c elementor-widget__width-initial elementor-absolute e-transform elementor-widget elementor-widget-haru-decor\" data-id=\"1c8a974c\" data-element_type=\"widget\" data-settings=\"{&quot;_position&quot;:&quot;absolute&quot;,&quot;_transform_rotateZ_effect&quot;:{&quot;unit&quot;:&quot;px&quot;,&quot;size&quot;:100,&quot;sizes&quot;:[]},&quot;pre_style&quot;:&quot;style-1&quot;,&quot;_transform_rotateZ_effect_tablet&quot;:{&quot;unit&quot;:&quot;deg&quot;,&quot;size&quot;:&quot;&quot;,&quot;sizes&quot;:[]},&quot;_transform_rotateZ_effect_mobile&quot;:{&quot;unit&quot;:&quot;deg&quot;,&quot;size&quot;:&quot;&quot;,&quot;sizes&quot;:[]}}\" data-widget_type=\"haru-decor.default\">\n\t\t\t\t<div class=\"elementor-widget-container\">\n\t\t\t\n        \t\t        \t<div class=\"haru-decor haru-decor--style-1\">\n\t        \t\t\n<div class=\"haru-decor__content\">\n\t\t<div class=\"haru-decor__circle haru-decor__circle--gradient\" style=\"background: linear-gradient(203.02deg, #EEC2FDA6 18.73%, #EEC2FD00 98.41% );\">\n\t<\/div>\n\t\n    \n    \n    \n    \n    \n    \n    <\/div>\n\n\t    \t\t<\/div>\n    \t\t\n    \t\t\t\t<\/div>\n\t\t\t\t<\/div>\n\t\t\t\t<div class=\"elementor-element elementor-element-68228ae4 elementor-widget__width-initial elementor-absolute e-transform elementor-widget elementor-widget-haru-decor\" data-id=\"68228ae4\" data-element_type=\"widget\" data-settings=\"{&quot;_position&quot;:&quot;absolute&quot;,&quot;_transform_rotateZ_effect&quot;:{&quot;unit&quot;:&quot;px&quot;,&quot;size&quot;:100,&quot;sizes&quot;:[]},&quot;pre_style&quot;:&quot;style-1&quot;,&quot;_transform_rotateZ_effect_tablet&quot;:{&quot;unit&quot;:&quot;deg&quot;,&quot;size&quot;:&quot;&quot;,&quot;sizes&quot;:[]},&quot;_transform_rotateZ_effect_mobile&quot;:{&quot;unit&quot;:&quot;deg&quot;,&quot;size&quot;:&quot;&quot;,&quot;sizes&quot;:[]}}\" data-widget_type=\"haru-decor.default\">\n\t\t\t\t<div class=\"elementor-widget-container\">\n\t\t\t\n        \t\t        \t<div class=\"haru-decor haru-decor--style-1\">\n\t        \t\t\n<div class=\"haru-decor__content\">\n\t\t<div class=\"haru-decor__circle haru-decor__circle--gradient\" style=\"background: linear-gradient(203.02deg, #EEC2FDA6 18.73%, #EEC2FD00 98.41% );\">\n\t<\/div>\n\t\n    \n    \n    \n    \n    \n    \n    <\/div>\n\n\t    \t\t<\/div>\n    \t\t\n    \t\t\t\t<\/div>\n\t\t\t\t<\/div>\n\t\t\t\t\t<\/div>\n\t\t\t\t<\/div>\n\t\t\t\t\t\t\t<\/div>","protected":false},"excerpt":{"rendered":"<p class=\"p2\">Solvent-based classic wood stain<\/p>","protected":false},"featured_media":19530,"template":"","meta":[],"product_brand":[],"product_cat":[27,83,81,82],"product_tag":[],"class_list":{"0":"post-19520","1":"product","2":"type-product","3":"status-publish","4":"has-post-thumbnail","6":"product_cat-deck-ve-bahce","7":"product_cat-en-cok-satanlar","8":"product_cat-populer-urunler","9":"product_cat-yeni-urunler","11":"first","12":"instock","13":"shipping-taxable","14":"purchasable","15":"product-type-variable"},"_links":{"self":[{"href":"https:\/\/primeboya.com\/en\/wp-json\/wp\/v2\/product\/19520","targetHints":{"allow":["GET"]}}],"collection":[{"href":"https:\/\/primeboya.com\/en\/wp-json\/wp\/v2\/product"}],"about":[{"href":"https:\/\/primeboya.com\/en\/wp-json\/wp\/v2\/types\/product"}],"version-history":[{"count":38,"href":"https:\/\/primeboya.com\/en\/wp-json\/wp\/v2\/product\/19520\/revisions"}],"predecessor-version":[{"id":20141,"href":"https:\/\/primeboya.com\/en\/wp-json\/wp\/v2\/product\/19520\/revisions\/20141"}],"wp:featuredmedia":[{"embeddable":true,"href":"https:\/\/primeboya.com\/en\/wp-json\/wp\/v2\/media\/19530"}],"wp:attachment":[{"href":"https:\/\/primeboya.com\/en\/wp-json\/wp\/v2\/media?parent=19520"}],"wp:term":[{"taxonomy":"product_brand","embeddable":true,"href":"https:\/\/primeboya.com\/en\/wp-json\/wp\/v2\/product_brand?post=19520"},{"taxonomy":"product_cat","embeddable":true,"href":"https:\/\/primeboya.com\/en\/wp-json\/wp\/v2\/product_cat?post=19520"},{"taxonomy":"product_tag","embeddable":true,"href":"https:\/\/primeboya.com\/en\/wp-json\/wp\/v2\/product_tag?post=19520"}],"curies":[{"name":"wp","href":"https:\/\/api.w.org\/{rel}","templated":true}]}}